{"id":7089,"date":"2022-03-07T16:13:23","date_gmt":"2022-03-07T19:13:23","guid":{"rendered":"https:\/\/comexland.com\/solicitar-proposta\/"},"modified":"2026-03-27T12:00:16","modified_gmt":"2026-03-27T15:00:16","slug":"solicita-una-propuesta","status":"publish","type":"page","link":"https:\/\/comexland.com\/es\/solicita-una-propuesta\/","title":{"rendered":"Solicita una Propuesta"},"content":{"rendered":"<div class=\"wpb-content-wrapper\">[vc_row thb_full_width=&#8221;true&#8221; content_placement=&#8221;middle&#8221; thb_color=&#8221;light-title&#8221; thb_video_overlay_color=&#8221;#00000000&#8243; el_class=&#8221;align-center&#8221; css=&#8221;.vc_custom_1751546415589{padding-top: 21vh !important;padding-bottom: 13vh !important;background: #FF8007 url(https:\/\/comexland.com\/wp-content\/uploads\/2025\/02\/fundocomexland.jpg?id=4059) !important;}&#8221; thb_divider_color=&#8221;#FFFFFF&#8221; thb_divider_height=&#8221;120&#8243; bg_gradient1=&#8221;#0000001A&#8221; bg_gradient2=&#8221;#0000001A&#8221; el_id=&#8221;parte1&#8243;][vc_column thb_color=&#8221;thb-light-column&#8221; width=&#8221;2\/3&#8243; el_class=&#8221;text-center&#8221;]\t<div id=\"thb-slidetype-6a0323863b880\" class=\"thb-slidetype \" data-style=\"style1\">\n\t\t\n<h2><span class=\"thb-slidetype-entry\"><span class=\"lines\">Comexland est\u00e1<br \/>\nlista para atenderte.<\/span><\/span><\/h2>\n\t\t\t\t<style>\n\t\t\t#thb-slidetype-6a0323863b880 .thb-slidetype-entry {\n\t\t\t\tcolor: #FFFFFF;\n\t\t\t}\n\t\t<\/style>\n\t\t\t<\/div>\n\n\t\t<div id=\"thb-slidetype-6a0323863bdb2\" class=\"thb-slidetype \" data-style=\"style1\">\n\t\t\n<h1><span class=\"thb-slidetype-entry\"><span class=\"lines\">Solicita una Propuesta<\/span><\/span><\/h1>\n\t\t\t\t<style>\n\t\t\t#thb-slidetype-6a0323863bdb2 .thb-slidetype-entry {\n\t\t\t\tcolor: #FFFFFF;\n\t\t\t}\n\t\t<\/style>\n\t\t\t<\/div>\n\n\t[vc_separator color=&#8221;custom&#8221; el_width=&#8221;30&#8243; css=&#8221;.vc_custom_1751546398634{padding-top: 20px !important;padding-bottom: 20px !important;}&#8221; accent_color=&#8221;#FFFFFF&#8221;]\t<div id=\"thb-slidetype-6a0323863bebc\" class=\"thb-slidetype \" data-style=\"style1\">\n\t\t<span class=\"thb-slidetype-entry\"><span class=\"lines\">Utiliza el formulario a continuaci\u00f3n para solicitarnos una propuesta personalizada.<\/span><\/span>\t\t\t\t<style>\n\t\t\t#thb-slidetype-6a0323863bebc .thb-slidetype-entry {\n\t\t\t\tcolor: #FFFFFF;\n\t\t\t}\n\t\t<\/style>\n\t\t\t<\/div>\n\n\t[\/vc_column][\/vc_row][vc_row el_class=&#8221;align-center&#8221; css=&#8221;.vc_custom_1751546460639{padding-top: 13vh !important;padding-bottom: 15vh !important;}&#8221;][vc_column offset=&#8221;vc_col-lg-7 vc_col-md-9&#8243;][vc_column_text css=&#8221;&#8221;]<div class='fluentform ff-default fluentform_wrapper_25 ffs_custom_wrap'><form data-form_id=\"25\" id=\"fluentform_25\" class=\"frm-fluent-form fluent_form_25 ff-el-form-top ff_form_instance_25_1 ff-form-loading ffs_custom\" data-form_instance=\"ff_form_instance_25_1\" method=\"POST\" ><fieldset  style=\"border: none!important;margin: 0!important;padding: 0!important;background-color: transparent!important;box-shadow: none!important;outline: none!important; min-inline-size: 100%;\">\n                    <legend class=\"ff_screen_reader_title\" style=\"display: block; margin: 0!important;padding: 0!important;height: 0!important;text-indent: -999999px;width: 0!important;overflow:hidden;\">Solicita una Propuesta<\/legend><input type='hidden' name='__fluent_form_embded_post_id' value='7089' \/><input type=\"hidden\" id=\"_fluentform_25_fluentformnonce\" name=\"_fluentform_25_fluentformnonce\" value=\"a5472f048f\" \/><input type=\"hidden\" name=\"_wp_http_referer\" value=\"\/es\/wp-json\/wp\/v2\/pages\/7089\" \/><div data-type=\"name-element\" data-name=\"names\" class=\" ff-field_container ff-name-field-wrapper\" ><div class='ff-t-container'><div class='ff-t-cell '><div class='ff-el-group  ff-el-form-top'><div class=\"ff-el-input--label ff-el-is-required asterisk-right\"><label for='ff_25_names_first_name_' id='label_ff_25_names_first_name_' >Nombre<\/label><\/div><div class='ff-el-input--content'><input type=\"text\" name=\"names[first_name]\" id=\"ff_25_names_first_name_\" class=\"ff-el-form-control\" aria-invalid=\"false\" aria-required=true><\/div><\/div><\/div><\/div><\/div><div class='ff-el-group'><div class=\"ff-el-input--label ff-el-is-required asterisk-right\"><label for='ff_25_input_text' id='label_ff_25_input_text' aria-label=\"Empresa\">Empresa<\/label><\/div><div class='ff-el-input--content'><input type=\"text\" name=\"input_text\" class=\"ff-el-form-control\" data-name=\"input_text\" id=\"ff_25_input_text\"  aria-invalid=\"false\" aria-required=true><\/div><\/div><div class='ff-el-group'><div class=\"ff-el-input--label ff-el-is-required asterisk-right\"><label for='ff_25_email' id='label_ff_25_email' aria-label=\"Correo electr\u00f3nico\">Correo electr\u00f3nico<\/label><\/div><div class='ff-el-input--content'><input type=\"email\" name=\"email\" id=\"ff_25_email\" class=\"ff-el-form-control\" data-name=\"email\"  aria-invalid=\"false\" aria-required=true><\/div><\/div><div class='ff-el-group'><div class=\"ff-el-input--label ff-el-is-required asterisk-right\"><label for='ff_25_phone' id='label_ff_25_phone' aria-label=\"Tel\u00e9fono\">Tel\u00e9fono<\/label><\/div><div class='ff-el-input--content'><input name=\"phone\" class=\"ff-el-form-control ff-el-phone ff_el_with_extended_validation\" type=\"tel\" data-name=\"phone\" id=\"ff_25_phone\" inputmode=\"tel\"  aria-invalid='false' aria-required=true><\/div><\/div><div class='ff-el-group'><div class=\"ff-el-input--label ff-el-is-required asterisk-right\"><label   aria-label=\"Elige los servicios deseados\">Elige los servicios deseados<\/label><\/div><div class='ff-el-input--content'><div class='ff-el-form-check ff-el-form-check-'><label class='ff-el-form-check-label' for='checkbox_3a9012c6d91019faadd5fad36cbf7638'><input  type=\"checkbox\" name=\"checkbox[]\" data-name=\"checkbox\" class=\"ff-el-form-check-input ff-el-form-check-checkbox\" value=\"Branding\"  id='checkbox_3a9012c6d91019faadd5fad36cbf7638' aria-label='Branding' aria-invalid='false' aria-required=true> <span>Branding<\/span><\/label><\/div><div class='ff-el-form-check ff-el-form-check-'><label class='ff-el-form-check-label' for='checkbox_1d3a87338e433e682d021fda415bd2be'><input  type=\"checkbox\" name=\"checkbox[]\" data-name=\"checkbox\" class=\"ff-el-form-check-input ff-el-form-check-checkbox\" value=\"Sitio web\"  id='checkbox_1d3a87338e433e682d021fda415bd2be' aria-label='Sitio web' aria-invalid='false' aria-required=true> <span>Sitio web<\/span><\/label><\/div><div class='ff-el-form-check ff-el-form-check-'><label class='ff-el-form-check-label' for='checkbox_1b711bed916b6bfaa9035e6e8c669a2d'><input  type=\"checkbox\" name=\"checkbox[]\" data-name=\"checkbox\" class=\"ff-el-form-check-input ff-el-form-check-checkbox\" value=\"Fortalecimiento de Marca e Inteligencia de Mercado\"  id='checkbox_1b711bed916b6bfaa9035e6e8c669a2d' aria-label='Fortalecimiento de Marca e Inteligencia de Mercado' aria-invalid='false' aria-required=true> <span>Fortalecimiento de Marca e Inteligencia de Mercado<\/span><\/label><\/div><div class='ff-el-form-check ff-el-form-check-'><label class='ff-el-form-check-label' for='checkbox_2abde4f16bd3f65b421eca43317e953c'><input  type=\"checkbox\" name=\"checkbox[]\" data-name=\"checkbox\" class=\"ff-el-form-check-input ff-el-form-check-checkbox\" value=\"Gesti\u00f3n de Marca\"  id='checkbox_2abde4f16bd3f65b421eca43317e953c' aria-label='Gesti\u00f3n de Marca' aria-invalid='false' aria-required=true> <span>Gesti\u00f3n de Marca<\/span><\/label><\/div><div class='ff-el-form-check ff-el-form-check-'><label class='ff-el-form-check-label' for='checkbox_eb0bab8a221c509b3623c48b6a1434e6'><input  type=\"checkbox\" name=\"checkbox[]\" data-name=\"checkbox\" class=\"ff-el-form-check-input ff-el-form-check-checkbox\" value=\"Investigaci\u00f3n y An\u00e1lisis de Mercado\"  id='checkbox_eb0bab8a221c509b3623c48b6a1434e6' aria-label='Investigaci\u00f3n y An\u00e1lisis de Mercado' aria-invalid='false' aria-required=true> <span>Investigaci\u00f3n y An\u00e1lisis de Mercado<\/span><\/label><\/div><div class='ff-el-form-check ff-el-form-check-'><label class='ff-el-form-check-label' for='checkbox_3f1099894ade0350020e67c50e681ee2'><input  type=\"checkbox\" name=\"checkbox[]\" data-name=\"checkbox\" class=\"ff-el-form-check-input ff-el-form-check-checkbox\" value=\"Consultor\u00eda de Marketing\"  id='checkbox_3f1099894ade0350020e67c50e681ee2' aria-label='Consultor\u00eda de Marketing' aria-invalid='false' aria-required=true> <span>Consultor\u00eda de Marketing<\/span><\/label><\/div><div class='ff-el-form-check ff-el-form-check-'><label class='ff-el-form-check-label' for='checkbox_ed0b71fe0df94ec6c999995c4a605509'><input  type=\"checkbox\" name=\"checkbox[]\" data-name=\"checkbox\" class=\"ff-el-form-check-input ff-el-form-check-checkbox\" value=\"Google y SEO\"  id='checkbox_ed0b71fe0df94ec6c999995c4a605509' aria-label='Google y SEO' aria-invalid='false' aria-required=true> <span>Google y SEO<\/span><\/label><\/div><div class='ff-el-form-check ff-el-form-check-'><label class='ff-el-form-check-label' for='checkbox_1ea6643dbefdf56fd4dbbd39bd2a18df'><input  type=\"checkbox\" name=\"checkbox[]\" data-name=\"checkbox\" class=\"ff-el-form-check-input ff-el-form-check-checkbox\" value=\"Marketing Personal\"  id='checkbox_1ea6643dbefdf56fd4dbbd39bd2a18df' aria-label='Marketing Personal' aria-invalid='false' aria-required=true> <span>Marketing Personal<\/span><\/label><\/div><div class='ff-el-form-check ff-el-form-check-'><label class='ff-el-form-check-label' for='checkbox_2f343ead10523d1ba86142471bddcff3'><input  type=\"checkbox\" name=\"checkbox[]\" data-name=\"checkbox\" class=\"ff-el-form-check-input ff-el-form-check-checkbox\" value=\"Creaci\u00f3n y Nutrici\u00f3n de Leads\"  id='checkbox_2f343ead10523d1ba86142471bddcff3' aria-label='Creaci\u00f3n y Nutrici\u00f3n de Leads' aria-invalid='false' aria-required=true> <span>Creaci\u00f3n y Nutrici\u00f3n de Leads<\/span><\/label><\/div><div class='ff-el-form-check ff-el-form-check-'><label class='ff-el-form-check-label' for='checkbox_806daca49e0f39a00b0dc18eccd22b9e'><input  type=\"checkbox\" name=\"checkbox[]\" data-name=\"checkbox\" class=\"ff-el-form-check-input ff-el-form-check-checkbox\" value=\"Account Based Marketing (ABM)\"  id='checkbox_806daca49e0f39a00b0dc18eccd22b9e' aria-label='Account Based Marketing (ABM)' aria-invalid='false' aria-required=true> <span>Account Based Marketing (ABM)<\/span><\/label><\/div><div class='ff-el-form-check ff-el-form-check-'><label class='ff-el-form-check-label' for='checkbox_b3ef8f7d130e753a4fb9501b5766462b'><input  type=\"checkbox\" name=\"checkbox[]\" data-name=\"checkbox\" class=\"ff-el-form-check-input ff-el-form-check-checkbox\" value=\"Gesti\u00f3n de Medios Pagos\"  id='checkbox_b3ef8f7d130e753a4fb9501b5766462b' aria-label='Gesti\u00f3n de Medios Pagos' aria-invalid='false' aria-required=true> <span>Gesti\u00f3n de Medios Pagos<\/span><\/label><\/div><div class='ff-el-form-check ff-el-form-check-'><label class='ff-el-form-check-label' for='checkbox_294b403446fd7f4dfccaec3edb3a0cf7'><input  type=\"checkbox\" name=\"checkbox[]\" data-name=\"checkbox\" class=\"ff-el-form-check-input ff-el-form-check-checkbox\" value=\"Gesti\u00f3n de Redes Sociales\"  id='checkbox_294b403446fd7f4dfccaec3edb3a0cf7' aria-label='Gesti\u00f3n de Redes Sociales' aria-invalid='false' aria-required=true> <span>Gesti\u00f3n de Redes Sociales<\/span><\/label><\/div><div class='ff-el-form-check ff-el-form-check-'><label class='ff-el-form-check-label' for='checkbox_270b1732d2f8316d8b56753789586717'><input  type=\"checkbox\" name=\"checkbox[]\" data-name=\"checkbox\" class=\"ff-el-form-check-input ff-el-form-check-checkbox\" value=\"Planificaci\u00f3n Estrat\u00e9gica de Marketing\"  id='checkbox_270b1732d2f8316d8b56753789586717' aria-label='Planificaci\u00f3n Estrat\u00e9gica de Marketing' aria-invalid='false' aria-required=true> <span>Planificaci\u00f3n Estrat\u00e9gica de Marketing<\/span><\/label><\/div><div class='ff-el-form-check ff-el-form-check-'><label class='ff-el-form-check-label' for='checkbox_23c6830b23a57115fee7bad84cc46d3b'><input  type=\"checkbox\" name=\"checkbox[]\" data-name=\"checkbox\" class=\"ff-el-form-check-input ff-el-form-check-checkbox\" value=\"Presentaci\u00f3n Institucional\"  id='checkbox_23c6830b23a57115fee7bad84cc46d3b' aria-label='Presentaci\u00f3n Institucional' aria-invalid='false' aria-required=true> <span>Presentaci\u00f3n Institucional<\/span><\/label><\/div><div class='ff-el-form-check ff-el-form-check-'><label class='ff-el-form-check-label' for='checkbox_73d54ff69dbff7c075cbc2a4ddc0630f'><input  type=\"checkbox\" name=\"checkbox[]\" data-name=\"checkbox\" class=\"ff-el-form-check-input ff-el-form-check-checkbox\" value=\"Contrataci\u00f3n de RD Station\"  id='checkbox_73d54ff69dbff7c075cbc2a4ddc0630f' aria-label='Contrataci\u00f3n de RD Station' aria-invalid='false' aria-required=true> <span>Contrataci\u00f3n de RD Station<\/span><\/label><\/div><div class='ff-el-form-check ff-el-form-check-'><label class='ff-el-form-check-label' for='checkbox_1711578d8a975f5620013f79eb4862a1'><input  type=\"checkbox\" name=\"checkbox[]\" data-name=\"checkbox\" class=\"ff-el-form-check-input ff-el-form-check-checkbox\" value=\"Gesti\u00f3n de email marketing\"  id='checkbox_1711578d8a975f5620013f79eb4862a1' aria-label='Gesti\u00f3n de email marketing' aria-invalid='false' aria-required=true> <span>Gesti\u00f3n de email marketing<\/span><\/label><\/div><div class='ff-el-form-check ff-el-form-check-'><label class='ff-el-form-check-label' for='checkbox_c102102ed8d55fb3bc4eb40be62a24fa'><input  type=\"checkbox\" name=\"checkbox[]\" data-name=\"checkbox\" class=\"ff-el-form-check-input ff-el-form-check-checkbox\" value=\"Me gustar\u00eda entender m\u00e1s sobre las estrategias de Comexland para mi negocio\"  id='checkbox_c102102ed8d55fb3bc4eb40be62a24fa' aria-label='Me gustar\u00eda entender m\u00e1s sobre las estrategias de Comexland para mi negocio' aria-invalid='false' aria-required=true> <span>Me gustar\u00eda entender m\u00e1s sobre las estrategias de Comexland para mi negocio<\/span><\/label><\/div><\/div><\/div><div class='ff-el-group'><div class=\"ff-el-input--label ff-el-is-required asterisk-right\"><label   aria-label=\"\u00bfCu\u00e1l es el presupuesto mensual planificado de tu empresa para inversiones en inteligencia de mercado y estrategias de comunicaci\u00f3n?\">\u00bfCu\u00e1l es el presupuesto mensual planificado de tu empresa para inversiones en inteligencia de mercado y estrategias de comunicaci\u00f3n?<\/label><\/div><div class='ff-el-input--content'><div class='ff-el-form-check ff-el-form-check-'><label class='ff-el-form-check-label' for='input_radio_103553243b5b58396032df2ed4d4349b'><input  type=\"radio\" name=\"input_radio\" data-name=\"input_radio\" class=\"ff-el-form-check-input ff-el-form-check-radio\" value=\"de R$4.000,00 a R$7.000,00\"  id='input_radio_103553243b5b58396032df2ed4d4349b' aria-label='de R$4.000,00 a R$7.000,00' aria-invalid='false' aria-required=true> <span>de R$4.000,00 a R$7.000,00<\/span><\/label><\/div><div class='ff-el-form-check ff-el-form-check-'><label class='ff-el-form-check-label' for='input_radio_48d592ec36942ef1a53c89bf07797a91'><input  type=\"radio\" name=\"input_radio\" data-name=\"input_radio\" class=\"ff-el-form-check-input ff-el-form-check-radio\" value=\"de R$8.000,00 a R$11.000,00\"  id='input_radio_48d592ec36942ef1a53c89bf07797a91' aria-label='de R$8.000,00 a R$11.000,00' aria-invalid='false' aria-required=true> <span>de R$8.000,00 a R$11.000,00<\/span><\/label><\/div><div class='ff-el-form-check ff-el-form-check-'><label class='ff-el-form-check-label' for='input_radio_8777cf6ac8817f6e8b513969882a516c'><input  type=\"radio\" name=\"input_radio\" data-name=\"input_radio\" class=\"ff-el-form-check-input ff-el-form-check-radio\" value=\"M\u00e1s de R$12.000,00\"  id='input_radio_8777cf6ac8817f6e8b513969882a516c' aria-label='M\u00e1s de R$12.000,00' aria-invalid='false' aria-required=true> <span>M\u00e1s de R$12.000,00<\/span><\/label><\/div><\/div><\/div><div class='ff-el-group'><div class=\"ff-el-input--label asterisk-right\"><label for='ff_25_description' id='label_ff_25_description' aria-label=\"Escribe tus observaciones\">Escribe tus observaciones<\/label><\/div><div class='ff-el-input--content'><textarea aria-required=\"false\" aria-labelledby=\"label_ff_25_description\" name=\"description\" id=\"ff_25_description\" class=\"ff-el-form-control\" rows=\"9\" cols=\"1\" data-name=\"description\" ><\/textarea><\/div><\/div><div class='ff-el-group    ff-el-input--content'><div class='ff-el-form-check ff-el-tc'><label aria-label='Acepto recibir una propuesta de esta empresa a trav\u00e9s de los datos proporcionados.' class='ff-el-form-check-label ff_tc_label' for=terms-n-condition_0c9b98be97cc5b7a1549ce6d7bf92448><span class='ff_tc_checkbox'><input type=\"checkbox\" name=\"terms-n-condition\" class=\"ff-el-form-check-input\" data-name=\"terms-n-condition\" id=\"terms-n-condition_0c9b98be97cc5b7a1549ce6d7bf92448\"  value='on' aria-invalid='false' aria-required=true><\/span> <div class='ff_t_c'><p>Acepto recibir una propuesta de esta empresa a trav\u00e9s de los datos proporcionados.<\/p><\/div><\/label><\/div><\/div><div class='ff-el-group    ff-el-input--content'><div class='ff-el-form-check ff-el-tc'><label aria-label='De acuerdo con lo previsto en la Ley General de Protecci\u00f3n de Datos Personales (Ley n\u00ba 13.709\/2018), al enviar tus datos, registras tu manifestaci\u00f3n libre, informada e inequ\u00edvoca, mediante la cual aceptas el tratamiento de tus datos personales por COMEXLAND para contactos continuos.' class='ff-el-form-check-label ff_tc_label' for=terms-n-condition_1_44b209e3bb5cd3aebd8c2f530eb4c4be><span class='ff_tc_checkbox'><input type=\"checkbox\" name=\"terms-n-condition_1\" class=\"ff-el-form-check-input\" data-name=\"terms-n-condition_1\" id=\"terms-n-condition_1_44b209e3bb5cd3aebd8c2f530eb4c4be\"  value='on' aria-invalid='false' aria-required=true><\/span> <div class='ff_t_c'><p>De acuerdo con lo previsto en la Ley General de Protecci\u00f3n de Datos Personales (Ley n\u00ba 13.709\/2018), al enviar tus datos, registras tu manifestaci\u00f3n libre, informada e inequ\u00edvoca, mediante la cual aceptas el tratamiento de tus datos personales por COMEXLAND para contactos continuos.<\/p><\/div><\/label><\/div><\/div><div class='ff-el-group ff-text-left ff_submit_btn_wrapper'><button type=\"submit\" class=\"ff-btn ff-btn-submit ff-btn-md ff_btn_style wpf_has_custom_css\"  aria-label=\"Enviar\">Enviar<\/button><\/div><\/fieldset><\/form><div id='fluentform_25_errors' class='ff-errors-in-stack ff_form_instance_25_1 ff-form-loading_errors ff_form_instance_25_1_errors'><\/div><\/div>            <script type=\"text\/javascript\">\n                window.fluent_form_ff_form_instance_25_1 = {\"id\":\"25\",\"ajaxUrl\":\"https:\\\/\\\/comexland.com\\\/wp-admin\\\/admin-ajax.php\",\"settings\":{\"layout\":{\"labelPlacement\":\"top\",\"helpMessagePlacement\":\"with_label\",\"errorMessagePlacement\":\"inline\",\"cssClassName\":\"\",\"asteriskPlacement\":\"asterisk-right\"},\"restrictions\":{\"denyEmptySubmission\":{\"enabled\":false}}},\"form_instance\":\"ff_form_instance_25_1\",\"form_id_selector\":\"fluentform_25\",\"rules\":{\"names[first_name]\":{\"required\":{\"value\":true,\"message\":\"Esse campo \\u00e9 obrigat\\u00f3rio.\",\"global_message\":\"Esse campo \\u00e9 obrigat\\u00f3rio.\",\"global\":true}},\"names[middle_name]\":{\"required\":{\"value\":false,\"message\":\"Esse campo \\u00e9 obrigat\\u00f3rio.\",\"global_message\":\"Esse campo \\u00e9 obrigat\\u00f3rio.\",\"global\":true}},\"names[last_name]\":{\"required\":{\"value\":false,\"message\":\"Esse campo \\u00e9 obrigat\\u00f3rio.\",\"global_message\":\"Esse campo \\u00e9 obrigat\\u00f3rio.\",\"global\":true}},\"input_text\":{\"required\":{\"value\":true,\"message\":\"Esse campo \\u00e9 obrigat\\u00f3rio.\",\"global_message\":\"Esse campo \\u00e9 obrigat\\u00f3rio.\",\"global\":true}},\"email\":{\"required\":{\"value\":true,\"message\":\"Esse campo \\u00e9 obrigat\\u00f3rio.\",\"global_message\":\"Esse campo \\u00e9 obrigat\\u00f3rio.\",\"global\":true},\"email\":{\"value\":true,\"message\":\"Digite um endere\\u00e7o de email v\\u00e1lido.\",\"global_message\":\"Digite um endere\\u00e7o de email v\\u00e1lido.\",\"global\":true}},\"phone\":{\"required\":{\"value\":true,\"message\":\"Esse campo \\u00e9 obrigat\\u00f3rio.\",\"global\":true,\"global_message\":\"Esse campo \\u00e9 obrigat\\u00f3rio.\"},\"valid_phone_number\":{\"value\":true,\"message\":\"O n\\u00famero de telefone n\\u00e3o \\u00e9 valido.\",\"global\":true,\"global_message\":\"O n\\u00famero de telefone n\\u00e3o \\u00e9 valido.\"}},\"checkbox\":{\"required\":{\"value\":true,\"message\":\"Esse campo \\u00e9 obrigat\\u00f3rio.\",\"global_message\":\"Esse campo \\u00e9 obrigat\\u00f3rio.\",\"global\":true}},\"input_radio\":{\"required\":{\"value\":true,\"message\":\"Esse campo \\u00e9 obrigat\\u00f3rio.\",\"global_message\":\"Esse campo \\u00e9 obrigat\\u00f3rio.\",\"global\":true}},\"description\":{\"required\":{\"value\":false,\"message\":\"Esse campo \\u00e9 obrigat\\u00f3rio.\",\"global_message\":\"Esse campo \\u00e9 obrigat\\u00f3rio.\",\"global\":true}},\"terms-n-condition\":{\"required\":{\"value\":true,\"message\":\"Esse campo \\u00e9 obrigat\\u00f3rio.\",\"global_message\":\"Esse campo \\u00e9 obrigat\\u00f3rio.\",\"global\":true}},\"terms-n-condition_1\":{\"required\":{\"value\":true,\"message\":\"Esse campo \\u00e9 obrigat\\u00f3rio.\",\"global_message\":\"Esse campo \\u00e9 obrigat\\u00f3rio.\",\"global\":true}}},\"debounce_time\":300};\n                            <\/script>\n            [\/vc_column_text][\/vc_column][\/vc_row]\n<\/div>","protected":false},"excerpt":{"rendered":"<p>[vc_row thb_full_width=&#8221;true&#8221; content_placement=&#8221;middle&#8221; thb_color=&#8221;light-title&#8221; thb_video_overlay_color=&#8221;#00000000&#8243; el_class=&#8221;align-center&#8221; css=&#8221;.vc_custom_1751546415589{padding-top: 21vh !important;padding-bottom: 13vh !important;background: #FF8007 url(https:\/\/comexland.com\/wp-content\/uploads\/2025\/02\/fundocomexland.jpg?id=4059) !important;}&#8221; thb_divider_color=&#8221;#FFFFFF&#8221; thb_divider_height=&#8221;120&#8243; bg_gradient1=&#8221;#0000001A&#8221; bg_gradient2=&#8221;#0000001A&#8221; el_id=&#8221;parte1&#8243;][vc_column thb_color=&#8221;thb-light-column&#8221; width=&#8221;2\/3&#8243; el_class=&#8221;text-center&#8221;][vc_separator color=&#8221;custom&#8221; el_width=&#8221;30&#8243; css=&#8221;.vc_custom_1751546398634{padding-top: 20px !important;padding-bottom: 20px !important;}&#8221; accent_color=&#8221;#FFFFFF&#8221;][\/vc_column][\/vc_row][vc_row el_class=&#8221;align-center&#8221; css=&#8221;.vc_custom_1751546460639{padding-top: 13vh !important;padding-bottom: 15vh !important;}&#8221;][vc_column offset=&#8221;vc_col-lg-7 vc_col-md-9&#8243;][vc_column_text css=&#8221;&#8221;][\/vc_column_text][\/vc_column][\/vc_row]<\/p>\n","protected":false},"author":1,"featured_media":0,"parent":0,"menu_order":0,"comment_status":"closed","ping_status":"closed","template":"","meta":{"footnotes":""},"class_list":["post-7089","page","type-page","status-publish","hentry"],"_links":{"self":[{"href":"https:\/\/comexland.com\/es\/wp-json\/wp\/v2\/pages\/7089","targetHints":{"allow":["GET"]}}],"collection":[{"href":"https:\/\/comexland.com\/es\/wp-json\/wp\/v2\/pages"}],"about":[{"href":"https:\/\/comexland.com\/es\/wp-json\/wp\/v2\/types\/page"}],"author":[{"embeddable":true,"href":"https:\/\/comexland.com\/es\/wp-json\/wp\/v2\/users\/1"}],"replies":[{"embeddable":true,"href":"https:\/\/comexland.com\/es\/wp-json\/wp\/v2\/comments?post=7089"}],"version-history":[{"count":4,"href":"https:\/\/comexland.com\/es\/wp-json\/wp\/v2\/pages\/7089\/revisions"}],"predecessor-version":[{"id":7163,"href":"https:\/\/comexland.com\/es\/wp-json\/wp\/v2\/pages\/7089\/revisions\/7163"}],"wp:attachment":[{"href":"https:\/\/comexland.com\/es\/wp-json\/wp\/v2\/media?parent=7089"}],"curies":[{"name":"wp","href":"https:\/\/api.w.org\/{rel}","templated":true}]}}