{"id":7562,"date":"2026-04-08T17:19:31","date_gmt":"2026-04-08T20:19:31","guid":{"rendered":"https:\/\/comexland.com\/assessoria-de-marketing-pessoal\/"},"modified":"2026-05-11T10:55:38","modified_gmt":"2026-05-11T13:55:38","slug":"asesoria-en-marca-personal","status":"publish","type":"page","link":"https:\/\/comexland.com\/es\/asesoria-en-marca-personal\/","title":{"rendered":"Asesor\u00eda en Marca Personal"},"content":{"rendered":"<div class=\"wpb-content-wrapper\">[vc_row thb_full_width=&#8221;true&#8221; full_height=&#8221;yes&#8221; thb_color=&#8221;light-title&#8221; thb_video_overlay_color=&#8221;#00000000&#8243; el_class=&#8221;align-center&#8221; css=&#8221;.vc_custom_1774881566082{background: #FF8007 url(https:\/\/comexland.com\/wp-content\/uploads\/2025\/02\/fundocomexland.jpg?id=4059) !important;}&#8221; thb_divider_color=&#8221;#FFFFFF&#8221; thb_divider_height=&#8221;120&#8243; bg_gradient1=&#8221;#0000001A&#8221; bg_gradient2=&#8221;#0000001A&#8221; el_id=&#8221;inbound&#8221;][vc_column thb_color=&#8221;thb-light-column&#8221; width=&#8221;1\/2&#8243; css=&#8221;.vc_custom_1776601550684{padding-right: 9% !important;padding-left: 9% !important;}&#8221;][vc_empty_space mobile_height=&#8221;120px&#8221; height=&#8221;0px&#8221;]\t<div id=\"thb-slidetype-6a0322b8c8d12\" class=\"thb-slidetype \" data-style=\"style1\">\n\t\t\n<h1><span class=\"thb-slidetype-entry\"><span class=\"lines\">Asesor\u00eda en<br \/>\nMarca Personal<\/span><\/span><\/h1>\n\t\t\t\t<style>\n\t\t\t#thb-slidetype-6a0322b8c8d12 .thb-slidetype-entry {\n\t\t\t\tcolor: #FFFFFF;\n\t\t\t}\n\t\t<\/style>\n\t\t\t<\/div>\n\n\t[vc_separator color=&#8221;custom&#8221; align=&#8221;align_left&#8221; el_width=&#8221;30&#8243; css=&#8221;.vc_custom_1742509558536{padding-top: 20px !important;padding-bottom: 20px !important;}&#8221; accent_color=&#8221;#FFFFFF&#8221;]\t<div id=\"thb-slidetype-6a0322b8c8db3\" class=\"thb-slidetype \" data-style=\"style1\">\n\t\t\n<h3><span class=\"thb-slidetype-entry\"><span class=\"lines\">Marketing personal para quienes ya entendieron que, incluso en el B2B, los negocios se hacen entre personas. Y fortalecer la marca personal es una estrategia.<\/span><\/span><\/h3>\n\t\t\t\t<style>\n\t\t\t#thb-slidetype-6a0322b8c8db3 .thb-slidetype-entry {\n\t\t\t\tcolor: #FFFFFF;\n\t\t\t}\n\t\t<\/style>\n\t\t\t<\/div>\n\n\t[\/vc_column][vc_column width=&#8221;1\/2&#8243; css=&#8221;.vc_custom_1776602474345{padding-right: 9% !important;}&#8221;][vc_empty_space mobile_height=&#8221;0px&#8221; height=&#8221;60px&#8221;]\t<div id=\"thb-image-6a0322b8c8e46\" class=\"caption-style1  aligncenter full  thb_image_link wp-caption \">\n\t\t\t<div class=\"thb-image-inner size_100\">\n\t\t\t<img loading=\"lazy\" decoding=\"async\" width=\"1146\" height=\"843\" src=\"https:\/\/comexland.com\/wp-content\/uploads\/2026\/04\/Assessoria-de-Marketing-Pessoal-1.webp\" class=\"thb_image    attachment-full\" alt=\"\" title=\"Assessoria de Marketing Pessoal\">\t\t\t\t\t<\/div>\n\t\t\t\t\t<\/div>\n\t[\/vc_column][\/vc_row][vc_row el_class=&#8221;align-center&#8221; css=&#8221;.vc_custom_1747944231265{padding-top: 12vh !important;padding-bottom: 6vh !important;background-position: center !important;background-repeat: no-repeat !important;background-size: cover !important;}&#8221;][vc_column width=&#8221;2\/3&#8243; el_class=&#8221;text-center&#8221;][vc_column_text css=&#8221;&#8221;]\n<p style=\"text-align: center;\">En el comercio exterior, las decisiones no las toman las empresas, sino los ejecutivos. Y quien es recordado, es llamado. Quien es reconocido, negocia mejor.<\/p>\n[\/vc_column_text]\t<div id=\"thb-slidetype-6a0322b8cf0e9\" class=\"thb-slidetype text-center\" data-style=\"style1\">\n\t\t\n<h5><span class=\"thb-slidetype-entry\"><span class=\"lines\">Comexland posiciona a ejecutivos como referentes del mercado, conectando autoridad, imagen y generaci\u00f3n de negocios de manera estructurada.<\/span><\/span><\/h5>\n\t\t\t\t<style>\n\t\t\t#thb-slidetype-6a0322b8cf0e9 .thb-slidetype-entry {\n\t\t\t\tcolor: #575757;\n\t\t\t}\n\t\t<\/style>\n\t\t\t<\/div>\n\n\t[vc_separator color=&#8221;custom&#8221; border_width=&#8221;2&#8243; el_width=&#8221;30&#8243; css=&#8221;.vc_custom_1753793882421{padding-bottom: 20px !important;}&#8221; accent_color=&#8221;#FF5000&#8243;][\/vc_column][\/vc_row][vc_row thb_full_width=&#8221;true&#8221; content_placement=&#8221;middle&#8221; el_class=&#8221;align-center&#8221; css=&#8221;.vc_custom_1774968390756{padding-bottom: 13vh !important;background-position: center !important;background-repeat: no-repeat !important;background-size: cover !important;}&#8221;][vc_column width=&#8221;1\/3&#8243;]\t<div id=\"thb-image-6a0322b8cf184\" class=\"caption-style1  aligncenter full  thb_image_link wp-caption \">\n\t\t\t<div class=\"thb-image-inner size_100\">\n\t\t\t<img loading=\"lazy\" decoding=\"async\" width=\"885\" height=\"757\" src=\"https:\/\/comexland.com\/wp-content\/uploads\/2026\/04\/Assessoria-de-Comunicacao-1.webp\" class=\"thb_image    attachment-full\" alt=\"\" title=\"Assessoria de Comunicac\u0327a\u0303o\">\t\t\t\t\t<\/div>\n\t\t\t\t\t<\/div>\n\t[\/vc_column][vc_column width=&#8221;1\/2&#8243; css=&#8221;.vc_custom_1776604203364{padding-left: 9% !important;}&#8221;]\t<div id=\"thb-slidetype-6a0322b8d819a\" class=\"thb-slidetype \" data-style=\"style1\">\n\t\t\n<h2><span class=\"thb-slidetype-entry\"><span class=\"lines\"><b>Asesor\u00eda de comunicaci\u00f3n para profesionales del comercio exterior<\/b><\/span><\/span><\/h2>\n\t\t\t\t<style>\n\t\t\t#thb-slidetype-6a0322b8d819a .thb-slidetype-entry {\n\t\t\t\tcolor: #FF5000;\n\t\t\t}\n\t\t<\/style>\n\t\t\t<\/div>\n\n\t[vc_separator color=&#8221;custom&#8221; align=&#8221;align_left&#8221; border_width=&#8221;2&#8243; el_width=&#8221;30&#8243; css=&#8221;&#8221; accent_color=&#8221;#FF5000&#8243;][vc_empty_space height=&#8221;20px&#8221;][vc_column_text css=&#8221;&#8221;]Gesti\u00f3n continua de su presencia digital con enfoque en posicionamiento y consistencia. Trabajamos en la construcci\u00f3n de su imagen en LinkedIn e Instagram, creaci\u00f3n de contenido estrat\u00e9gico, alineaci\u00f3n del discurso y fortalecimiento de su autoridad en el mercado.[\/vc_column_text][vc_empty_space height=&#8221;10px&#8221;]\t<a id=\"thb-button-6a0322b8d84ce\" class=\"btn style1 large  accent pill-radius    \" href=\"https:\/\/comexland.com\/es\/solicita-una-propuesta\/\" target=\"_self\" role=\"button\">\n\t\t\t\t\t<span>QUIERO UNA ASESOR\u00cdA<\/span>\n\t\t\t<\/a>\n\t\t[\/vc_column][\/vc_row][vc_row thb_full_width=&#8221;true&#8221; content_placement=&#8221;middle&#8221; el_class=&#8221;align-center&#8221; css=&#8221;.vc_custom_1774968358235{padding-top: 13vh !important;padding-bottom: 13vh !important;background-color: #F9F9F9 !important;background-position: center !important;background-repeat: no-repeat !important;background-size: cover !important;}&#8221;][vc_column width=&#8221;1\/2&#8243; css=&#8221;.vc_custom_1774881767611{padding-right: 9% !important;}&#8221;]\t<div id=\"thb-slidetype-6a0322b8d866f\" class=\"thb-slidetype \" data-style=\"style1\">\n\t\t\n<h2><span class=\"thb-slidetype-entry\"><span class=\"lines\"><b>Planificaci\u00f3n de marca personal para profesionales del comercio exterior<\/b><\/span><\/span><\/h2>\n\t\t\t\t<style>\n\t\t\t#thb-slidetype-6a0322b8d866f .thb-slidetype-entry {\n\t\t\t\tcolor: #FF5000;\n\t\t\t}\n\t\t<\/style>\n\t\t\t<\/div>\n\n\t[vc_separator color=&#8221;custom&#8221; align=&#8221;align_left&#8221; border_width=&#8221;2&#8243; el_width=&#8221;30&#8243; css=&#8221;&#8221; accent_color=&#8221;#FF5000&#8243;][vc_empty_space height=&#8221;20px&#8221;][vc_column_text css=&#8221;&#8221;]Un modelo h\u00edbrido entre planificaci\u00f3n y ejecuci\u00f3n guiada. Estructuramos su estrategia de posicionamiento, definimos narrativa, pilares de contenido y orientamos su comunicaci\u00f3n con claridad. Usted ejecuta con seguridad, sabiendo exactamente qu\u00e9 hacer.[\/vc_column_text][vc_empty_space height=&#8221;10px&#8221;]\t<a id=\"thb-button-6a0322b8d87e8\" class=\"btn style1 large  accent pill-radius    \" href=\"https:\/\/comexland.com\/es\/solicita-una-propuesta\/\" target=\"_self\" role=\"button\">\n\t\t\t\t\t<span>QUIERO ESTRUCTURAR MI POSICIONAMIENTO<\/span>\n\t\t\t<\/a>\n\t\t[\/vc_column][vc_column width=&#8221;5\/12&#8243;]\t<div id=\"thb-image-6a0322b8d89e6\" class=\"caption-style1  aligncenter full  thb_image_link wp-caption \">\n\t\t\t<div class=\"thb-image-inner size_100\">\n\t\t\t<img loading=\"lazy\" decoding=\"async\" width=\"961\" height=\"767\" src=\"https:\/\/comexland.com\/wp-content\/uploads\/2026\/04\/Planejamento-de-Marketing-1.webp\" class=\"thb_image    attachment-full\" alt=\"\" title=\"Planejamento de Marketing\">\t\t\t\t\t<\/div>\n\t\t\t\t\t<\/div>\n\t[\/vc_column][\/vc_row][vc_row thb_full_width=&#8221;true&#8221; content_placement=&#8221;middle&#8221; el_class=&#8221;align-center&#8221; css=&#8221;.vc_custom_1776459584852{padding-top: 13vh !important;padding-bottom: 13vh !important;background-color: #FF8007 !important;background-position: center !important;background-repeat: no-repeat !important;background-size: cover !important;}&#8221;][vc_column width=&#8221;5\/12&#8243;]\t<div id=\"thb-image-6a0322b8e2913\" class=\"caption-style1  aligncenter full  thb_image_link wp-caption \">\n\t\t\t<div class=\"thb-image-inner size_100\">\n\t\t\t<img loading=\"lazy\" decoding=\"async\" width=\"1182\" height=\"800\" src=\"https:\/\/comexland.com\/wp-content\/uploads\/2026\/04\/Mentoria-de-Comunicacao.webp\" class=\"thb_image    attachment-full\" alt=\"\" title=\"Mentoria de Comunicac\u0327a\u0303o\">\t\t\t\t\t<\/div>\n\t\t\t\t\t<\/div>\n\t[\/vc_column][vc_column thb_color=&#8221;thb-light-column&#8221; width=&#8221;1\/2&#8243; css=&#8221;.vc_custom_1776603149198{padding-left: 3% !important;}&#8221;]\t<div id=\"thb-slidetype-6a0322b8ea8f7\" class=\"thb-slidetype \" data-style=\"style1\">\n\t\t\n<h2><span class=\"thb-slidetype-entry\"><span class=\"lines\"><b>Mentor\u00eda de comunicaci\u00f3n para profesionales del comercio exterior<\/b><\/span><\/span><\/h2>\n\t\t\t\t<style>\n\t\t\t#thb-slidetype-6a0322b8ea8f7 .thb-slidetype-entry {\n\t\t\t\tcolor: #FFFFFF;\n\t\t\t}\n\t\t<\/style>\n\t\t\t<\/div>\n\n\t[vc_separator color=&#8221;custom&#8221; align=&#8221;align_left&#8221; border_width=&#8221;2&#8243; el_width=&#8221;30&#8243; css=&#8221;&#8221; accent_color=&#8221;#FFFFFF&#8221;][vc_empty_space height=&#8221;20px&#8221;][vc_column_text css=&#8221;&#8221;]Directo al punto. Para ejecutivos que necesitan claridad, direcci\u00f3n y decisiones r\u00e1pidas. Trabajamos su imagen, comunicaci\u00f3n y posicionamiento con foco en resultados, influencia y crecimiento.[\/vc_column_text][vc_empty_space height=&#8221;10px&#8221;]\t<a id=\"thb-button-6a0322b8eab48\" class=\"btn style2 large  white pill-radius    \" href=\"https:\/\/comexland.com\/es\/solicita-una-propuesta\/\" target=\"_self\" role=\"button\">\n\t\t\t\t\t<span>QUIERO UNA MENTOR\u00cdA ESTRAT\u00c9GICA<\/span>\n\t\t\t<\/a>\n\t\t[\/vc_column][\/vc_row][vc_row thb_full_width=&#8221;true&#8221; content_placement=&#8221;middle&#8221; css=&#8221;.vc_custom_1774968536481{padding-top: 13vh !important;padding-bottom: 4vh !important;background-position: center !important;background-repeat: no-repeat !important;background-size: cover !important;}&#8221; el_class=&#8221;align-center&#8221;][vc_column width=&#8221;2\/3&#8243; el_class=&#8221;text-center&#8221;]\t<div id=\"thb-slidetype-6a0322b8eabb9\" class=\"thb-slidetype \" data-style=\"style1\">\n\t\t\n<h2><span class=\"thb-slidetype-entry\"><span class=\"lines\"><b>Algunos ejecutivos que ya confiaron en Comexland para fortalecer su posicionamiento:<\/b><\/span><\/span><\/h2>\n\t\t\t\t<style>\n\t\t\t#thb-slidetype-6a0322b8eabb9 .thb-slidetype-entry {\n\t\t\t\tcolor: #FF5000;\n\t\t\t}\n\t\t<\/style>\n\t\t\t<\/div>\n\n\t[vc_separator color=&#8221;custom&#8221; border_width=&#8221;2&#8243; el_width=&#8221;30&#8243; css=&#8221;&#8221; accent_color=&#8221;#FF5000&#8243;][\/vc_column][\/vc_row][vc_row thb_full_width=&#8221;true&#8221; content_placement=&#8221;middle&#8221; css=&#8221;.vc_custom_1776694605651{padding-bottom: 9vh !important;background-position: center !important;background-repeat: no-repeat !important;background-size: cover !important;}&#8221; el_class=&#8221;align-center&#8221; el_id=&#8221;assesoriamp&#8221;][vc_column width=&#8221;5\/6&#8243; el_class=&#8221;text-center&#8221;]\t<div id=\"thb-team-589\" class=\"thb-team-row team-dark\">\n\t\t<div class=\"row style1 regular-padding\" data-columns=\"medium-6 thb-5\" data-pagination=\"true\" data-autoplay=\"\" data-autoplay-speed=\"4000\">\n\t\t\t\t<div class=\"thb-team-member small-12 medium-6 thb-5  columns member_style4 \">\n\t\t<div class=\"team-container \n\t\t\">\n\t\t\t<img loading=\"lazy\" decoding=\"async\" width=\"500\" height=\"500\" src=\"https:\/\/comexland.com\/wp-content\/uploads\/2026\/04\/Carlos-Araujo-CEO-do-Comexblog.webp\" class=\"attachment-full\" alt=\"\" title=\"Carlos Araujo, CEO do Comexblog\">\t\t\t\t\t\t<div class=\"team-information \n\t\t\t\">\n\t\t\t\t\t\t\t\t\t\t\t\t\t\t\t\t\t\t\t\t\t\t\t\t\t\t\t<\/div>\n\t\t\t\t\t<\/div>\n\t\t\t\t\t<h6 class=\"member-title\">Carlos Ara\u00fajo<\/h6>\n\t\t\t<p class=\"job-title\">CEO de Comexblog<\/p>\n\t\t\t\t\t\t\t\t\t\t<\/div>\n\t\t<div class=\"thb-team-member small-12 medium-6 thb-5  columns member_style4 \">\n\t\t<div class=\"team-container \n\t\t\">\n\t\t\t<img loading=\"lazy\" decoding=\"async\" width=\"500\" height=\"500\" src=\"https:\/\/comexland.com\/wp-content\/uploads\/2026\/04\/Luanna-Souza-CEO-do-Grupo-Pinho.webp\" class=\"attachment-full\" alt=\"\" title=\"Luanna Souza, CEO do Grupo Pinho\">\t\t\t\t\t\t<div class=\"team-information \n\t\t\t\">\n\t\t\t\t\t\t\t\t\t\t\t\t\t\t\t\t\t\t\t\t\t\t\t\t\t\t\t<\/div>\n\t\t\t\t\t<\/div>\n\t\t\t\t\t<h6 class=\"member-title\">Luanna Souza<\/h6>\n\t\t\t<p class=\"job-title\">CEO de Grupo Pinho<\/p>\n\t\t\t\t\t\t\t\t\t\t<\/div>\n\t\t<div class=\"thb-team-member small-12 medium-6 thb-5  columns member_style4 \">\n\t\t<div class=\"team-container \n\t\t\">\n\t\t\t<img loading=\"lazy\" decoding=\"async\" width=\"500\" height=\"500\" src=\"https:\/\/comexland.com\/wp-content\/uploads\/2026\/04\/Evelisy-Peres-branch-manager-da-TASK.webp\" class=\"attachment-full\" alt=\"\" title=\"Evelisy Peres, branch manager da TASK\">\t\t\t\t\t\t<div class=\"team-information \n\t\t\t\">\n\t\t\t\t\t\t\t\t\t\t\t\t\t\t\t\t\t\t\t\t\t\t\t\t\t\t\t<\/div>\n\t\t\t\t\t<\/div>\n\t\t\t\t\t<h6 class=\"member-title\">Evelisy Peres<\/h6>\n\t\t\t<p class=\"job-title\">Branch Manager de TASK<\/p>\n\t\t\t\t\t\t\t\t\t\t<\/div>\n\t\t<div class=\"thb-team-member small-12 medium-6 thb-5  columns member_style4 \">\n\t\t<div class=\"team-container \n\t\t\">\n\t\t\t<img loading=\"lazy\" decoding=\"async\" width=\"500\" height=\"500\" src=\"https:\/\/comexland.com\/wp-content\/uploads\/2026\/04\/Erika-Forner-CEO-da-European-Cargo.webp\" class=\"attachment-full\" alt=\"\" title=\"Erika Forner, CEO da European Cargo\">\t\t\t\t\t\t<div class=\"team-information \n\t\t\t\">\n\t\t\t\t\t\t\t\t\t\t\t\t\t\t\t\t\t\t\t\t\t\t\t\t\t\t\t<\/div>\n\t\t\t\t\t<\/div>\n\t\t\t\t\t<h6 class=\"member-title\">Erika Forner<\/h6>\n\t\t\t<p class=\"job-title\">CEO de European Cargo<\/p>\n\t\t\t\t\t\t\t\t\t\t<\/div>\n\t\t<div class=\"thb-team-member small-12 medium-6 thb-5  columns member_style4 \">\n\t\t<div class=\"team-container \n\t\t\">\n\t\t\t<img loading=\"lazy\" decoding=\"async\" width=\"500\" height=\"500\" src=\"https:\/\/comexland.com\/wp-content\/uploads\/2026\/04\/Rodrigo-Sperandio-Internacional-Business-Manager-na-BM-Logistica-Internacional.webp\" class=\"attachment-full\" alt=\"\" title=\"Rodrigo Sperandio, Internacional Business Manager na B&amp;M Logi\u0301stica Internacional\">\t\t\t\t\t\t<div class=\"team-information \n\t\t\t\">\n\t\t\t\t\t\t\t\t\t\t\t\t\t\t\t\t\t\t\t\t\t\t\t\t\t\t\t<\/div>\n\t\t\t\t\t<\/div>\n\t\t\t\t\t<h6 class=\"member-title\">Rodrigo Sperandio<\/h6>\n\t\t\t<p class=\"job-title\">International Business Manager en B&amp;M Log\u00edstica Internacional<\/p>\n\t\t\t\t\t\t\t\t\t\t<\/div>\n\t\t<div class=\"thb-team-member small-12 medium-6 thb-5  columns member_style4 \">\n\t\t<div class=\"team-container \n\t\t\">\n\t\t\t<img loading=\"lazy\" decoding=\"async\" width=\"500\" height=\"500\" src=\"https:\/\/comexland.com\/wp-content\/uploads\/2026\/04\/Gabriel-Bernardes-fundador-da-Academia-do-Comex.webp\" class=\"attachment-full\" alt=\"\" title=\"Gabriel Bernardes, fundador da Academia do Comex\">\t\t\t\t\t\t<div class=\"team-information \n\t\t\t\">\n\t\t\t\t\t\t\t\t\t\t\t\t\t\t\t\t\t\t\t\t\t\t\t\t\t\t\t<\/div>\n\t\t\t\t\t<\/div>\n\t\t\t\t\t<h6 class=\"member-title\">Gabriel Bernardes<\/h6>\n\t\t\t<p class=\"job-title\">Fundador de Academia do Comex<\/p>\n\t\t\t\t\t\t\t\t\t\t<\/div>\n\t\t<div class=\"thb-team-member small-12 medium-6 thb-5  columns member_style4 \">\n\t\t<div class=\"team-container \n\t\t\">\n\t\t\t<img loading=\"lazy\" decoding=\"async\" width=\"500\" height=\"500\" src=\"https:\/\/comexland.com\/wp-content\/uploads\/2026\/04\/Kleber-Fontes-Dirtor-Comercial-no-Grupo-Casco.webp\" class=\"attachment-full\" alt=\"\" title=\"Kleber Fontes, Dirtor Comercial no Grupo Casco\">\t\t\t\t\t\t<div class=\"team-information \n\t\t\t\">\n\t\t\t\t\t\t\t\t\t\t\t\t\t\t\t\t\t\t\t\t\t\t\t\t\t\t\t<\/div>\n\t\t\t\t\t<\/div>\n\t\t\t\t\t<h6 class=\"member-title\">Kleber Fontes<\/h6>\n\t\t\t<p class=\"job-title\">Director Comercial en Grupo Casco<\/p>\n\t\t\t\t\t\t\t\t\t\t<\/div>\n\t\t<div class=\"thb-team-member small-12 medium-6 thb-5  columns member_style4 \">\n\t\t<div class=\"team-container \n\t\t\">\n\t\t\t<img loading=\"lazy\" decoding=\"async\" width=\"500\" height=\"500\" src=\"https:\/\/comexland.com\/wp-content\/uploads\/2026\/04\/Judson-Magalhaes-Gerente-de-Vendas-na-Suntrans-Logistica-Brasil.webp\" class=\"attachment-full\" alt=\"\" title=\"Judson Magalha\u0303es, Gerente de Vendas na Suntrans Logi\u0301stica Brasil\">\t\t\t\t\t\t<div class=\"team-information \n\t\t\t\">\n\t\t\t\t\t\t\t\t\t\t\t\t\t\t\t\t\t\t\t\t\t\t\t\t\t\t\t<\/div>\n\t\t\t\t\t<\/div>\n\t\t\t\t\t<h6 class=\"member-title\">Judson Magalh\u00e3es<\/h6>\n\t\t\t<p class=\"job-title\">Gerente de Ventas en Suntrans Log\u00edstica Brasil<\/p>\n\t\t\t\t\t\t\t\t\t\t<\/div>\n\t\t<div class=\"thb-team-member small-12 medium-6 thb-5  columns member_style4 \">\n\t\t<div class=\"team-container \n\t\t\">\n\t\t\t<img loading=\"lazy\" decoding=\"async\" width=\"500\" height=\"500\" src=\"https:\/\/comexland.com\/wp-content\/uploads\/2026\/04\/Bruno-Dalla-Desenvolvedor-de-Novos-Negocios-na-Prolink.webp\" class=\"attachment-full\" alt=\"\" title=\"Bruno Dalla - Desenvolvedor de Novos Nego\u0301cios na Prolink\">\t\t\t\t\t\t<div class=\"team-information \n\t\t\t\">\n\t\t\t\t\t\t\t\t\t\t\t\t\t\t\t\t\t\t\t\t\t\t\t\t\t\t\t<\/div>\n\t\t\t\t\t<\/div>\n\t\t\t\t\t<h6 class=\"member-title\">Bruno Dalla<\/h6>\n\t\t\t<p class=\"job-title\">Desarrollador de Nuevos Negocios en Prolink<\/p>\n\t\t\t\t\t\t\t\t\t\t<\/div>\n\t\t\t<\/div>\n\t<\/div>\n\t<style>\n\t\t\t\t\t<\/style>\n\t[\/vc_column][\/vc_row][vc_row thb_full_width=&#8221;true&#8221; thb_divider_color=&#8221;#00000000&#8243; css=&#8221;.vc_custom_1753222388846{padding-bottom: 9vh !important;background-position: center !important;background-repeat: no-repeat !important;background-size: cover !important;}&#8221;][vc_column animation=&#8221;animation bottom-to-top-3d&#8221;][vc_row_inner content_placement=&#8221;middle&#8221; css=&#8221;.vc_custom_1748821515501{padding-top: 40px !important;padding-right: 40px !important;padding-bottom: 40px !important;padding-left: 40px !important;background-image: url(https:\/\/comexland.com\/wp-content\/uploads\/2025\/06\/fundodegrade.jpg?id=4894) !important;background-position: center !important;background-repeat: no-repeat !important;background-size: cover !important;}&#8221; thb_border_radius=&#8221;3px&#8221; el_class=&#8221;ctaeventos&#8221;][vc_column_inner thb_color=&#8221;thb-light-column&#8221; width=&#8221;7\/12&#8243;]\t<div id=\"thb-slidetype-6a0322b92d859\" class=\"thb-slidetype \" data-style=\"style1\">\n\t\t\n<h2><span class=\"thb-slidetype-entry\"><span class=\"lines\">El marketing personal no se trata de aparecer.<br \/>\nSe trata de ser elegido.<\/span><\/span><\/h2>\n\t\t\t\t<style>\n\t\t\t#thb-slidetype-6a0322b92d859 .thb-slidetype-entry {\n\t\t\t\tcolor: #ffffff;\n\t\t\t}\n\t\t<\/style>\n\t\t\t<\/div>\n\n\t[\/vc_column_inner][vc_column_inner el_class=&#8221;medium-text-right&#8221; width=&#8221;5\/12&#8243;]\t<a id=\"thb-button-6a0322b92da72\" class=\"btn style2 medium  white pill-radius animation bottom-to-top-3d   arrow-enabled\" href=\"https:\/\/comexland.com\/es\/solicita-una-propuesta\/\" target=\"_self\" role=\"button\">\n\t\t\t\t\t<span>QUIERO SER POSICIONADO POR COMEXLAND<\/span>\n\t<svg xmlns=\"http:\/\/www.w3.org\/2000\/svg\" xmlns:xlink=\"http:\/\/www.w3.org\/1999\/xlink\" x=\"0px\" y=\"0px\"\n\t width=\"30px\" height=\"18px\" viewBox=\"0 0 30 18\" enable-background=\"new 0 0 30 18\" xml:space=\"preserve\">\n<path class=\"handle\" d=\"M20.305,16.212c-0.407,0.409-0.407,1.071,0,1.479s1.068,0.408,1.476,0l7.914-7.952c0.408-0.409,0.408-1.071,0-1.481\n\tl-7.914-7.952c-0.407-0.409-1.068-0.409-1.476,0s-0.407,1.071,0,1.48l7.185,7.221L20.305,16.212z\"\/>\n<path class=\"bar\" fill-rule=\"evenodd\" clip-rule=\"evenodd\" d=\"M1,8h28.001c0.551,0,1,0.448,1,1c0,0.553-0.449,1-1,1H1c-0.553,0-1-0.447-1-1\n\tC0,8.448,0.447,8,1,8z\"\/>\n<\/svg>\n\t\t<\/a>\n\t\t[\/vc_column_inner][\/vc_row_inner][\/vc_column][\/vc_row]\n<\/div>","protected":false},"excerpt":{"rendered":"<p>[vc_row thb_full_width=&#8221;true&#8221; full_height=&#8221;yes&#8221; thb_color=&#8221;light-title&#8221; thb_video_overlay_color=&#8221;#00000000&#8243; el_class=&#8221;align-center&#8221; css=&#8221;.vc_custom_1774881566082{background: #FF8007 url(https:\/\/comexland.com\/wp-content\/uploads\/2025\/02\/fundocomexland.jpg?id=4059) !important;}&#8221; thb_divider_color=&#8221;#FFFFFF&#8221; thb_divider_height=&#8221;120&#8243; bg_gradient1=&#8221;#0000001A&#8221; bg_gradient2=&#8221;#0000001A&#8221; el_id=&#8221;inbound&#8221;][vc_column thb_color=&#8221;thb-light-column&#8221; width=&#8221;1\/2&#8243; css=&#8221;.vc_custom_1776601550684{padding-right: 9% !important;padding-left: 9% !important;}&#8221;][vc_empty_space mobile_height=&#8221;120px&#8221; height=&#8221;0px&#8221;][vc_separator color=&#8221;custom&#8221; align=&#8221;align_left&#8221; el_width=&#8221;30&#8243; css=&#8221;.vc_custom_1742509558536{padding-top: 20px !important;padding-bottom: 20px !important;}&#8221; accent_color=&#8221;#FFFFFF&#8221;][\/vc_column][vc_column width=&#8221;1\/2&#8243; css=&#8221;.vc_custom_1776602474345{padding-right: 9% !important;}&#8221;][vc_empty_space mobile_height=&#8221;0px&#8221; height=&#8221;60px&#8221;][\/vc_column][\/vc_row][vc_row el_class=&#8221;align-center&#8221; css=&#8221;.vc_custom_1747944231265{padding-top: 12vh !important;padding-bottom: 6vh !important;background-position: center !important;background-repeat: no-repeat !important;background-size: cover !important;}&#8221;][vc_column width=&#8221;2\/3&#8243; el_class=&#8221;text-center&#8221;][vc_column_text css=&#8221;&#8221;] En&hellip;<\/p>\n","protected":false},"author":1,"featured_media":0,"parent":0,"menu_order":0,"comment_status":"closed","ping_status":"closed","template":"","meta":{"footnotes":""},"class_list":["post-7562","page","type-page","status-publish","hentry"],"_links":{"self":[{"href":"https:\/\/comexland.com\/es\/wp-json\/wp\/v2\/pages\/7562","targetHints":{"allow":["GET"]}}],"collection":[{"href":"https:\/\/comexland.com\/es\/wp-json\/wp\/v2\/pages"}],"about":[{"href":"https:\/\/comexland.com\/es\/wp-json\/wp\/v2\/types\/page"}],"author":[{"embeddable":true,"href":"https:\/\/comexland.com\/es\/wp-json\/wp\/v2\/users\/1"}],"replies":[{"embeddable":true,"href":"https:\/\/comexland.com\/es\/wp-json\/wp\/v2\/comments?post=7562"}],"version-history":[{"count":5,"href":"https:\/\/comexland.com\/es\/wp-json\/wp\/v2\/pages\/7562\/revisions"}],"predecessor-version":[{"id":7565,"href":"https:\/\/comexland.com\/es\/wp-json\/wp\/v2\/pages\/7562\/revisions\/7565"}],"wp:attachment":[{"href":"https:\/\/comexland.com\/es\/wp-json\/wp\/v2\/media?parent=7562"}],"curies":[{"name":"wp","href":"https:\/\/api.w.org\/{rel}","templated":true}]}}